{"id":1349,"date":"2024-02-29T17:29:10","date_gmt":"2024-02-29T16:29:10","guid":{"rendered":"https:\/\/minacore.ch\/prodotto\/seashore-ohrringe\/"},"modified":"2024-04-09T20:30:51","modified_gmt":"2024-04-09T18:30:51","slug":"seashore-ohrringe","status":"publish","type":"product","link":"https:\/\/minacore.ch\/de\/prodotto\/seashore-ohrringe\/","title":{"rendered":"Meeresufer"},"content":{"rendered":"","protected":false},"excerpt":{"rendered":"<p>Die &#8222;Seashore&#8220;-Ohrringe sind eine Ode an die Sch\u00f6nheit des Ozeans. Mit ihrer achteckigen Form und der zart hellblauen Farbe des Harzes erinnern sie sofort an Wellen, die an das Ufer schlagen.<\/p>\n<p>In das Harz eingebettete Silberschuppen sorgen f\u00fcr einen Hauch von Funkeln, als w\u00fcrde sich das Sonnenlicht im Wasser spiegeln. Wenn man diese Ohrringe tr\u00e4gt, ist es, als w\u00fcrde man ein kleines St\u00fcck Meer mit sich f\u00fchren und die Frische und Gelassenheit des Ozeans \u00fcberallhin mitnehmen.<\/p>\n","protected":false},"featured_media":1341,"template":"","meta":{"_seopress_robots_primary_cat":"","_seopress_titles_title":"","_seopress_titles_desc":"","_seopress_robots_index":""},"product_brand":[],"product_cat":[344,266],"product_tag":[],"class_list":{"0":"post-1349","1":"product","2":"type-product","3":"status-publish","4":"has-post-thumbnail","6":"product_cat-ohrringe","7":"product_cat-schmuck","9":"first","10":"outofstock","11":"shipping-taxable","12":"purchasable","13":"product-type-simple"},"jetpack_sharing_enabled":true,"_links":{"self":[{"href":"https:\/\/minacore.ch\/de\/wp-json\/wp\/v2\/product\/1349","targetHints":{"allow":["GET"]}}],"collection":[{"href":"https:\/\/minacore.ch\/de\/wp-json\/wp\/v2\/product"}],"about":[{"href":"https:\/\/minacore.ch\/de\/wp-json\/wp\/v2\/types\/product"}],"wp:featuredmedia":[{"embeddable":true,"href":"https:\/\/minacore.ch\/de\/wp-json\/wp\/v2\/media\/1341"}],"wp:attachment":[{"href":"https:\/\/minacore.ch\/de\/wp-json\/wp\/v2\/media?parent=1349"}],"wp:term":[{"taxonomy":"product_brand","embeddable":true,"href":"https:\/\/minacore.ch\/de\/wp-json\/wp\/v2\/product_brand?post=1349"},{"taxonomy":"product_cat","embeddable":true,"href":"https:\/\/minacore.ch\/de\/wp-json\/wp\/v2\/product_cat?post=1349"},{"taxonomy":"product_tag","embeddable":true,"href":"https:\/\/minacore.ch\/de\/wp-json\/wp\/v2\/product_tag?post=1349"}],"curies":[{"name":"wp","href":"https:\/\/api.w.org\/{rel}","templated":true}]}}