{"id":1007,"date":"2024-02-15T16:48:27","date_gmt":"2024-02-15T15:48:27","guid":{"rendered":"https:\/\/minacore.ch\/prodotto\/feen-eichel\/"},"modified":"2024-04-23T11:03:44","modified_gmt":"2024-04-23T09:03:44","slug":"feen-eichel","status":"publish","type":"product","link":"https:\/\/minacore.ch\/de\/prodotto\/feen-eichel\/","title":{"rendered":"Feen-Eichel"},"content":{"rendered":"","protected":false},"excerpt":{"rendered":"<p>Entdecken Sie eine Welt voller Zauber und Wunder mit unserer Serie &#8222;Faerie Acorn&#8220;. Dieser bezaubernde Anh\u00e4nger f\u00e4ngt die Essenz von Folklore und Feenwesen ein, indem er eine in Harz geschnitzte Eichel einfasst, die im Inneren zarte echte Blumen enth\u00e4lt. Die magische Atmosph\u00e4re ist sp\u00fcrbar, wenn man die filigranen Details jedes einzelnen Bl\u00fctenblattes bewundert, so als h\u00e4tten die Feen selbst diesem einzigartigen Schmuckst\u00fcck ihre Gnade geschenkt.<\/p>\n","protected":false},"featured_media":1390,"template":"","meta":{"_seopress_robots_primary_cat":"none","_seopress_titles_title":"Faerie Acorn' Halskette: Feenzauber und nat\u00fcrliche Magie | Einzigartiger Schmuck","_seopress_titles_desc":"Entdecken Sie die Faszination der Verzauberung mit unserer Serie 'Faerie Acorn'. Ein bezaubernder Anh\u00e4nger, der die Essenz von Folklore und Feenwesen verk\u00f6rpert. Er besteht aus einer aus Harz geschnitzten Eichel, in der sich zarte, echte Blumen befinden. Bewundern Sie die filigranen Details der einzelnen Bl\u00fctenbl\u00e4tter und tauchen Sie ein in die magische Atmosph\u00e4re dieses einzigartigen Schmuckst\u00fccks.","_seopress_robots_index":""},"product_brand":[],"product_cat":[349,266],"product_tag":[],"class_list":{"0":"post-1007","1":"product","2":"type-product","3":"status-publish","4":"has-post-thumbnail","6":"product_cat-halsketten","7":"product_cat-schmuck","9":"first","10":"instock","11":"shipping-taxable","12":"purchasable","13":"product-type-variable"},"jetpack_sharing_enabled":true,"_links":{"self":[{"href":"https:\/\/minacore.ch\/de\/wp-json\/wp\/v2\/product\/1007","targetHints":{"allow":["GET"]}}],"collection":[{"href":"https:\/\/minacore.ch\/de\/wp-json\/wp\/v2\/product"}],"about":[{"href":"https:\/\/minacore.ch\/de\/wp-json\/wp\/v2\/types\/product"}],"wp:featuredmedia":[{"embeddable":true,"href":"https:\/\/minacore.ch\/de\/wp-json\/wp\/v2\/media\/1390"}],"wp:attachment":[{"href":"https:\/\/minacore.ch\/de\/wp-json\/wp\/v2\/media?parent=1007"}],"wp:term":[{"taxonomy":"product_brand","embeddable":true,"href":"https:\/\/minacore.ch\/de\/wp-json\/wp\/v2\/product_brand?post=1007"},{"taxonomy":"product_cat","embeddable":true,"href":"https:\/\/minacore.ch\/de\/wp-json\/wp\/v2\/product_cat?post=1007"},{"taxonomy":"product_tag","embeddable":true,"href":"https:\/\/minacore.ch\/de\/wp-json\/wp\/v2\/product_tag?post=1007"}],"curies":[{"name":"wp","href":"https:\/\/api.w.org\/{rel}","templated":true}]}}