{"id":756,"date":"2024-02-07T15:43:55","date_gmt":"2024-02-07T14:43:55","guid":{"rendered":"https:\/\/minacore.ch\/ueber-uns\/"},"modified":"2024-04-10T14:30:24","modified_gmt":"2024-04-10T12:30:24","slug":"ueber-uns","status":"publish","type":"page","link":"https:\/\/minacore.ch\/de\/ueber-uns\/","title":{"rendered":"\u00dcber uns"},"content":{"rendered":"\t\t<div data-elementor-type=\"wp-page\" data-elementor-id=\"756\" class=\"elementor elementor-756 elementor-136\" data-elementor-post-type=\"page\">\n\t\t\t\t\t\t<section class=\"elementor-section elementor-top-section elementor-element elementor-element-441572fa elementor-section-content-bottom elementor-section-boxed elementor-section-height-default elementor-section-height-default\" data-id=\"441572fa\" data-element_type=\"section\" data-e-type=\"section\" data-settings=\"{&quot;background_background&quot;:&quot;classic&quot;}\">\n\t\t\t\t\t\t\t<div class=\"elementor-background-overlay\"><\/div>\n\t\t\t\t\t\t\t<div class=\"elementor-container elementor-column-gap-no\">\n\t\t\t\t\t<div class=\"elementor-column elementor-col-100 elementor-top-column elementor-element elementor-element-211881d5\" data-id=\"211881d5\" data-element_type=\"column\" data-e-type=\"column\">\n\t\t\t<div class=\"elementor-widget-wrap elementor-element-populated\">\n\t\t\t\t\t\t<section class=\"elementor-section elementor-inner-section elementor-element elementor-element-2c62fd20 elementor-section-boxed elementor-section-height-default elementor-section-height-default\" data-id=\"2c62fd20\" data-element_type=\"section\" data-e-type=\"section\">\n\t\t\t\t\t\t<div class=\"elementor-container elementor-column-gap-default\">\n\t\t\t\t\t<div class=\"elementor-column elementor-col-100 elementor-inner-column elementor-element elementor-element-35111791\" data-id=\"35111791\" data-element_type=\"column\" data-e-type=\"column\">\n\t\t\t<div class=\"elementor-widget-wrap elementor-element-populated\">\n\t\t\t\t\t\t<div class=\"elementor-element elementor-element-361115ce elementor-widget elementor-widget-heading\" data-id=\"361115ce\" data-element_type=\"widget\" data-e-type=\"widget\" data-widget_type=\"heading.default\">\n\t\t\t\t<div class=\"elementor-widget-container\">\n\t\t\t\t\t<h2 class=\"elementor-heading-title elementor-size-default\">\u00dcber uns<\/h2>\t\t\t\t<\/div>\n\t\t\t\t<\/div>\n\t\t\t\t\t<\/div>\n\t\t<\/div>\n\t\t\t\t\t<\/div>\n\t\t<\/section>\n\t\t\t\t<div class=\"elementor-element elementor-element-497cf74e elementor-widget-divider--view-line elementor-widget elementor-widget-divider\" data-id=\"497cf74e\" data-element_type=\"widget\" data-e-type=\"widget\" data-widget_type=\"divider.default\">\n\t\t\t\t<div class=\"elementor-widget-container\">\n\t\t\t\t\t\t\t<div class=\"elementor-divider\">\n\t\t\t<span class=\"elementor-divider-separator\">\n\t\t\t\t\t\t<\/span>\n\t\t<\/div>\n\t\t\t\t\t\t<\/div>\n\t\t\t\t<\/div>\n\t\t\t\t\t<\/div>\n\t\t<\/div>\n\t\t\t\t\t<\/div>\n\t\t<\/section>\n\t\t\t\t<section class=\"elementor-section elementor-top-section elementor-element elementor-element-7608cc75 elementor-section-boxed elementor-section-height-default elementor-section-height-default\" data-id=\"7608cc75\" data-element_type=\"section\" data-e-type=\"section\" data-settings=\"{&quot;background_background&quot;:&quot;classic&quot;}\">\n\t\t\t\t\t\t<div class=\"elementor-container elementor-column-gap-default\">\n\t\t\t\t\t<div class=\"elementor-column elementor-col-50 elementor-top-column elementor-element elementor-element-7a87147f\" data-id=\"7a87147f\" data-element_type=\"column\" data-e-type=\"column\" data-settings=\"{&quot;background_background&quot;:&quot;classic&quot;}\">\n\t\t\t<div class=\"elementor-widget-wrap elementor-element-populated\">\n\t\t\t\t\t<div class=\"elementor-background-overlay\"><\/div>\n\t\t\t\t\t\t<div class=\"elementor-element elementor-element-7a0dcbd6 elementor-widget elementor-widget-heading\" data-id=\"7a0dcbd6\" data-element_type=\"widget\" data-e-type=\"widget\" data-widget_type=\"heading.default\">\n\t\t\t\t<div class=\"elementor-widget-container\">\n\t\t\t\t\t<h2 class=\"elementor-heading-title elementor-size-default\">Mission<\/h2>\t\t\t\t<\/div>\n\t\t\t\t<\/div>\n\t\t\t\t\t<\/div>\n\t\t<\/div>\n\t\t\t\t<div class=\"elementor-column elementor-col-50 elementor-top-column elementor-element elementor-element-725b1103\" data-id=\"725b1103\" data-element_type=\"column\" data-e-type=\"column\">\n\t\t\t<div class=\"elementor-widget-wrap elementor-element-populated\">\n\t\t\t\t\t\t<div class=\"elementor-element elementor-element-269e122c elementor-widget elementor-widget-text-editor\" data-id=\"269e122c\" data-element_type=\"widget\" data-e-type=\"widget\" data-widget_type=\"text-editor.default\">\n\t\t\t\t<div class=\"elementor-widget-container\">\n\t\t\t\t\t\t\t\t\t<p>Minacore setzt sich f\u00fcr die Neudefinition von Modestandards ein, indem Ethik und Nachhaltigkeit in den Mittelpunkt des kreativen Prozesses gestellt werden. Von der Wiederverwertung von <span class=\"s9\">Altstoffen<\/span> bis hin zur Aufwertung der Handwerkskunst wollen wir zeigen, dass Haute Couture erschwinglich, individuell gestaltbar und umweltfreundlich sein kann. Wir fordern die Industrie auf, unserem Beispiel zu folgen und zu zeigen, dass ein ethischer Ansatz nicht nur f\u00fcr den Planeten, sondern vor allem auch f\u00fcr die Menschen richtig ist.<\/p>\n\t\t\t\t\t\t\t\t<\/div>\n\t\t\t\t<\/div>\n\t\t\t\t\t<\/div>\n\t\t<\/div>\n\t\t\t\t\t<\/div>\n\t\t<\/section>\n\t\t\t\t<section class=\"elementor-section elementor-top-section elementor-element elementor-element-81722c1 elementor-section-boxed elementor-section-height-default elementor-section-height-default\" data-id=\"81722c1\" data-element_type=\"section\" data-e-type=\"section\" data-settings=\"{&quot;background_background&quot;:&quot;classic&quot;}\">\n\t\t\t\t\t\t<div class=\"elementor-container elementor-column-gap-default\">\n\t\t\t\t\t<div class=\"elementor-column elementor-col-50 elementor-top-column elementor-element elementor-element-2810938\" data-id=\"2810938\" data-element_type=\"column\" data-e-type=\"column\">\n\t\t\t<div class=\"elementor-widget-wrap elementor-element-populated\">\n\t\t\t\t\t\t<div class=\"elementor-element elementor-element-7d26958 elementor-widget elementor-widget-text-editor\" data-id=\"7d26958\" data-element_type=\"widget\" data-e-type=\"widget\" data-widget_type=\"text-editor.default\">\n\t\t\t\t<div class=\"elementor-widget-container\">\n\t\t\t\t\t\t\t\t\t<p>Wir sind die H\u00fcter der handgefertigten Mode, bei der jeder Faden mit Leidenschaft gewebt wird und jede Kreation ein Zeugnis unseres Engagements f\u00fcr zeitlose Handwerkskunst ist. Wir stellen uns eine Welt vor, in der Sch\u00f6nheit von Hand gen\u00e4ht wird, in der Handwerkskunst mit Nachhaltigkeit verschmilzt und einzigartige Kleidungsst\u00fccke entstehen, die Geschichten von Handwerkskunst, Respekt und Authentizit\u00e4t erz\u00e4hlen. Unsere Vision ist es, die Kunst der Handarbeit zu bewahren und zu zelebrieren und der Welt Mode zu bieten, die \u00fcber das blo\u00dfe Anziehen hinausgeht und zu einer Kunstform wird.<\/p>\n\t\t\t\t\t\t\t\t<\/div>\n\t\t\t\t<\/div>\n\t\t\t\t\t<\/div>\n\t\t<\/div>\n\t\t\t\t<div class=\"elementor-column elementor-col-50 elementor-top-column elementor-element elementor-element-8a73ab3\" data-id=\"8a73ab3\" data-element_type=\"column\" data-e-type=\"column\" data-settings=\"{&quot;background_background&quot;:&quot;classic&quot;}\">\n\t\t\t<div class=\"elementor-widget-wrap elementor-element-populated\">\n\t\t\t\t\t<div class=\"elementor-background-overlay\"><\/div>\n\t\t\t\t\t\t<div class=\"elementor-element elementor-element-924f623 elementor-widget elementor-widget-heading\" data-id=\"924f623\" data-element_type=\"widget\" data-e-type=\"widget\" data-widget_type=\"heading.default\">\n\t\t\t\t<div class=\"elementor-widget-container\">\n\t\t\t\t\t<h2 class=\"elementor-heading-title elementor-size-default\">Vision<\/h2>\t\t\t\t<\/div>\n\t\t\t\t<\/div>\n\t\t\t\t\t<\/div>\n\t\t<\/div>\n\t\t\t\t\t<\/div>\n\t\t<\/section>\n\t\t<div class=\"elementor-element elementor-element-8396239 e-flex e-con-boxed e-con e-parent\" data-id=\"8396239\" data-element_type=\"container\" data-e-type=\"container\">\n\t\t\t\t\t<div class=\"e-con-inner\">\n\t\t\t\t<div class=\"elementor-element elementor-element-43f4721 elementor-widget elementor-widget-heading\" data-id=\"43f4721\" data-element_type=\"widget\" data-e-type=\"widget\" data-widget_type=\"heading.default\">\n\t\t\t\t<div class=\"elementor-widget-container\">\n\t\t\t\t\t<h3 class=\"elementor-heading-title elementor-size-default\">Grundlegende Werte:\n<\/h3>\t\t\t\t<\/div>\n\t\t\t\t<\/div>\n\t\t<div class=\"elementor-element elementor-element-a256294 e-flex e-con-boxed e-con e-child\" data-id=\"a256294\" data-element_type=\"container\" data-e-type=\"container\">\n\t\t\t\t\t<div class=\"e-con-inner\">\n\t\t\t\t<div class=\"elementor-element elementor-element-b60456f elementor-widget__width-initial elementor-widget-mobile__width-inherit elementor-position-top elementor-widget elementor-widget-image-box\" data-id=\"b60456f\" data-element_type=\"widget\" data-e-type=\"widget\" data-widget_type=\"image-box.default\">\n\t\t\t\t<div class=\"elementor-widget-container\">\n\t\t\t\t\t<div class=\"elementor-image-box-wrapper\"><figure class=\"elementor-image-box-img\"><img decoding=\"async\" width=\"60\" height=\"60\" src=\"https:\/\/minacore.ch\/wp-content\/uploads\/sites\/26\/2024\/02\/quality-min-1.png\" class=\"attachment-full size-full wp-image-65\" alt=\"\" \/><\/figure><div class=\"elementor-image-box-content\"><h3 class=\"elementor-image-box-title\">Ethik<\/h3><p class=\"elementor-image-box-description\">Wir respektieren die menschlichen Ressourcen und sorgen f\u00fcr ein faires und lohnendes Arbeitsumfeld f\u00fcr alle, die an der Herstellung unserer Kleidungsst\u00fccke beteiligt sind.<\/p><\/div><\/div>\t\t\t\t<\/div>\n\t\t\t\t<\/div>\n\t\t\t\t<div class=\"elementor-element elementor-element-54fd670 elementor-widget__width-initial elementor-widget-mobile__width-inherit elementor-position-top elementor-widget elementor-widget-image-box\" data-id=\"54fd670\" data-element_type=\"widget\" data-e-type=\"widget\" data-widget_type=\"image-box.default\">\n\t\t\t\t<div class=\"elementor-widget-container\">\n\t\t\t\t\t<div class=\"elementor-image-box-wrapper\"><figure class=\"elementor-image-box-img\"><img decoding=\"async\" width=\"60\" height=\"60\" src=\"https:\/\/minacore.ch\/wp-content\/uploads\/sites\/26\/2024\/02\/world-min.png\" class=\"attachment-full size-full wp-image-68\" alt=\"\" \/><\/figure><div class=\"elementor-image-box-content\"><h3 class=\"elementor-image-box-title\">Nachhaltigkeit<\/h3><p class=\"elementor-image-box-description\">Wir vertreten die Philosophie der nachhaltigen Mode, verwenden recycelte Materialien, Altbest\u00e4nde und f\u00f6rdern die Wiederaufbereitung von Kleidungsst\u00fccken, um die Umweltbelastung zu verringern.<\/p><\/div><\/div>\t\t\t\t<\/div>\n\t\t\t\t<\/div>\n\t\t\t\t<div class=\"elementor-element elementor-element-f7d5ac8 elementor-widget__width-initial elementor-widget-mobile__width-inherit elementor-position-top elementor-widget elementor-widget-image-box\" data-id=\"f7d5ac8\" data-element_type=\"widget\" data-e-type=\"widget\" data-widget_type=\"image-box.default\">\n\t\t\t\t<div class=\"elementor-widget-container\">\n\t\t\t\t\t<div class=\"elementor-image-box-wrapper\"><figure class=\"elementor-image-box-img\"><img decoding=\"async\" width=\"60\" height=\"54\" src=\"https:\/\/minacore.ch\/wp-content\/uploads\/sites\/26\/2024\/02\/package-min.png\" class=\"attachment-full size-full wp-image-73\" alt=\"\" \/><\/figure><div class=\"elementor-image-box-content\"><h3 class=\"elementor-image-box-title\">Kunsthandwerk<\/h3><p class=\"elementor-image-box-description\">Wir sch\u00e4tzen die Kunst des Handwerks und stellen hochwertige Kleidungsst\u00fccke in einem langsamen und sorgf\u00e4ltigen Prozess her.<\/p><\/div><\/div>\t\t\t\t<\/div>\n\t\t\t\t<\/div>\n\t\t\t\t<div class=\"elementor-element elementor-element-dfa5bdf elementor-widget__width-initial elementor-widget-mobile__width-inherit elementor-position-top elementor-widget elementor-widget-image-box\" data-id=\"dfa5bdf\" data-element_type=\"widget\" data-e-type=\"widget\" data-widget_type=\"image-box.default\">\n\t\t\t\t<div class=\"elementor-widget-container\">\n\t\t\t\t\t<div class=\"elementor-image-box-wrapper\"><figure class=\"elementor-image-box-img\"><img loading=\"lazy\" decoding=\"async\" width=\"57\" height=\"60\" src=\"https:\/\/minacore.ch\/wp-content\/uploads\/sites\/26\/2024\/02\/secure-min.png\" class=\"attachment-full size-full wp-image-76\" alt=\"\" \/><\/figure><div class=\"elementor-image-box-content\"><h3 class=\"elementor-image-box-title\">Eingliederung<\/h3><p class=\"elementor-image-box-description\">Wir bieten ma\u00dfgeschneiderte Mode f\u00fcr die Bed\u00fcrfnisse jedes Einzelnen und f\u00f6rdern die Idee, dass Sch\u00f6nheit f\u00fcr alle da ist, unabh\u00e4ngig von Alter oder Gr\u00f6\u00dfe.<\/p><\/div><\/div>\t\t\t\t<\/div>\n\t\t\t\t<\/div>\n\t\t\t\t\t<\/div>\n\t\t\t\t<\/div>\n\t\t\t\t\t<\/div>\n\t\t\t\t<\/div>\n\t\t\t\t<section class=\"elementor-section elementor-top-section elementor-element elementor-element-619238ae elementor-section-height-min-height elementor-section-content-middle elementor-reverse-tablet elementor-reverse-mobile elementor-section-boxed elementor-section-height-default elementor-section-items-middle\" data-id=\"619238ae\" data-element_type=\"section\" data-e-type=\"section\" data-settings=\"{&quot;background_background&quot;:&quot;gradient&quot;}\">\n\t\t\t\t\t\t<div class=\"elementor-container elementor-column-gap-extended\">\n\t\t\t\t\t<div class=\"elementor-column elementor-col-50 elementor-top-column elementor-element elementor-element-703e10a3\" data-id=\"703e10a3\" data-element_type=\"column\" data-e-type=\"column\">\n\t\t\t<div class=\"elementor-widget-wrap elementor-element-populated\">\n\t\t\t\t\t\t<div class=\"elementor-element elementor-element-db6edd6 elementor-widget elementor-widget-image\" data-id=\"db6edd6\" data-element_type=\"widget\" data-e-type=\"widget\" data-widget_type=\"image.default\">\n\t\t\t\t<div class=\"elementor-widget-container\">\n\t\t\t\t\t\t\t\t\t\t\t\t\t\t\t<img loading=\"lazy\" decoding=\"async\" width=\"800\" height=\"534\" src=\"https:\/\/minacore.ch\/wp-content\/uploads\/sites\/26\/2024\/04\/vecteezy_han-putting-the-biggest-target-board-on-wooden-block-for_6932834-1024x683.jpg\" class=\"attachment-large size-large wp-image-1899\" alt=\"\" srcset=\"https:\/\/minacore.ch\/wp-content\/uploads\/sites\/26\/2024\/04\/vecteezy_han-putting-the-biggest-target-board-on-wooden-block-for_6932834-1024x683.jpg 1024w, https:\/\/minacore.ch\/wp-content\/uploads\/sites\/26\/2024\/04\/vecteezy_han-putting-the-biggest-target-board-on-wooden-block-for_6932834-300x200.jpg 300w, https:\/\/minacore.ch\/wp-content\/uploads\/sites\/26\/2024\/04\/vecteezy_han-putting-the-biggest-target-board-on-wooden-block-for_6932834-768x512.jpg 768w, https:\/\/minacore.ch\/wp-content\/uploads\/sites\/26\/2024\/04\/vecteezy_han-putting-the-biggest-target-board-on-wooden-block-for_6932834-1536x1024.jpg 1536w, https:\/\/minacore.ch\/wp-content\/uploads\/sites\/26\/2024\/04\/vecteezy_han-putting-the-biggest-target-board-on-wooden-block-for_6932834-2048x1365.jpg 2048w, https:\/\/minacore.ch\/wp-content\/uploads\/sites\/26\/2024\/04\/vecteezy_han-putting-the-biggest-target-board-on-wooden-block-for_6932834-600x400.jpg 600w\" sizes=\"(max-width: 800px) 100vw, 800px\" \/>\t\t\t\t\t\t\t\t\t\t\t\t\t\t\t<\/div>\n\t\t\t\t<\/div>\n\t\t\t\t\t<\/div>\n\t\t<\/div>\n\t\t\t\t<div class=\"elementor-column elementor-col-50 elementor-top-column elementor-element elementor-element-17459ebb\" data-id=\"17459ebb\" data-element_type=\"column\" data-e-type=\"column\">\n\t\t\t<div class=\"elementor-widget-wrap elementor-element-populated\">\n\t\t\t\t\t\t<div class=\"elementor-element elementor-element-364af581 elementor-widget elementor-widget-heading\" data-id=\"364af581\" data-element_type=\"widget\" data-e-type=\"widget\" data-widget_type=\"heading.default\">\n\t\t\t\t<div class=\"elementor-widget-container\">\n\t\t\t\t\t<h2 class=\"elementor-heading-title elementor-size-default\">Zielsetzung<\/h2>\t\t\t\t<\/div>\n\t\t\t\t<\/div>\n\t\t\t\t<div class=\"elementor-element elementor-element-659c1e3 elementor-widget elementor-widget-text-editor\" data-id=\"659c1e3\" data-element_type=\"widget\" data-e-type=\"widget\" data-widget_type=\"text-editor.default\">\n\t\t\t\t<div class=\"elementor-widget-container\">\n\t\t\t\t\t\t\t\t\t<p>Unser Ziel ist es, einen vielf\u00e4ltigen Kundenstamm zufrieden zu stellen, indem wir nicht nur qualitativ hochwertige Produkte anbieten, sondern auch ein Einkaufserlebnis, das die gemeinsamen Werte der Nachhaltigkeit und der Inklusion f\u00f6rdert. Wir wollen einen Wandel in der Modeindustrie anregen und zeigen, dass Sch\u00f6nheit nachhaltig, ethisch vertretbar und f\u00fcr alle zug\u00e4nglich sein kann.<\/p>\n\t\t\t\t\t\t\t\t<\/div>\n\t\t\t\t<\/div>\n\t\t\t\t<div class=\"elementor-element elementor-element-2561141b elementor-tablet-align-center elementor-widget elementor-widget-button\" data-id=\"2561141b\" data-element_type=\"widget\" data-e-type=\"widget\" data-widget_type=\"button.default\">\n\t\t\t\t<div class=\"elementor-widget-container\">\n\t\t\t\t\t\t\t\t\t<div class=\"elementor-button-wrapper\">\n\t\t\t\t\t<a class=\"elementor-button elementor-button-link elementor-size-sm\" href=\"https:\/\/minacore.ch\/negozio\/\">\n\t\t\t\t\t\t<span class=\"elementor-button-content-wrapper\">\n\t\t\t\t\t\t\t\t\t<span class=\"elementor-button-text\">Jetzt bestellen<\/span>\n\t\t\t\t\t<\/span>\n\t\t\t\t\t<\/a>\n\t\t\t\t<\/div>\n\t\t\t\t\t\t\t\t<\/div>\n\t\t\t\t<\/div>\n\t\t\t\t\t<\/div>\n\t\t<\/div>\n\t\t\t\t\t<\/div>\n\t\t<\/section>\n\t\t\t\t<\/div>\n\t\t","protected":false},"excerpt":{"rendered":"<p>Mission Minacore setzt sich f\u00fcr die Neudefinition von Modestandards ein, indem Ethik und Nachhaltigkeit in den Mittelpunkt des kreativen Prozesses gestellt werden. Von der Wiederverwertung von Altstoffen bis hin zur Aufwertung der Handwerkskunst wollen wir zeigen, dass Haute Couture erschwinglich, individuell gestaltbar und umweltfreundlich sein kann. Wir fordern die Industrie auf, unserem Beispiel zu folgen [&hellip;]<\/p>\n","protected":false},"author":3,"featured_media":0,"parent":0,"menu_order":0,"comment_status":"closed","ping_status":"closed","template":"elementor_header_footer","meta":{"_seopress_robots_primary_cat":"","_seopress_titles_title":"Chi siamo e Missione - Minacore","_seopress_titles_desc":"Il nostro obiettivo \u00e8 soddisfare una clientela diversificata, offrendo non solo prodotti di alta qualit\u00e0 ma anche un\u2019esperienza di acquisto che promuove valori condivisi di sostenibilit\u00e0 e inclusivit\u00e0.","_seopress_robots_index":"","footnotes":""},"class_list":["post-756","page","type-page","status-publish","hentry"],"jetpack_sharing_enabled":true,"_links":{"self":[{"href":"https:\/\/minacore.ch\/de\/wp-json\/wp\/v2\/pages\/756","targetHints":{"allow":["GET"]}}],"collection":[{"href":"https:\/\/minacore.ch\/de\/wp-json\/wp\/v2\/pages"}],"about":[{"href":"https:\/\/minacore.ch\/de\/wp-json\/wp\/v2\/types\/page"}],"author":[{"embeddable":true,"href":"https:\/\/minacore.ch\/de\/wp-json\/wp\/v2\/users\/3"}],"replies":[{"embeddable":true,"href":"https:\/\/minacore.ch\/de\/wp-json\/wp\/v2\/comments?post=756"}],"version-history":[{"count":0,"href":"https:\/\/minacore.ch\/de\/wp-json\/wp\/v2\/pages\/756\/revisions"}],"wp:attachment":[{"href":"https:\/\/minacore.ch\/de\/wp-json\/wp\/v2\/media?parent=756"}],"curies":[{"name":"wp","href":"https:\/\/api.w.org\/{rel}","templated":true}]}}