{"id":1054,"date":"2024-02-22T10:20:48","date_gmt":"2024-02-22T09:20:48","guid":{"rendered":"https:\/\/minacore.ch\/versand-und-rueckgabebedingungen\/"},"modified":"2024-02-22T10:21:00","modified_gmt":"2024-02-22T09:21:00","slug":"versand-und-rueckgabebedingungen","status":"publish","type":"page","link":"https:\/\/minacore.ch\/de\/versand-und-rueckgabebedingungen\/","title":{"rendered":"Versand- und R\u00fcckgabebedingungen"},"content":{"rendered":"\n<p>Entdecken Sie unsere gro\u00dfe Auswahl an hochwertigen Produkten, die alle Ihre Bed\u00fcrfnisse erf\u00fcllen. Sie k\u00f6nnen bequem von zu Hause aus in der Schweiz durch unsere Kategorien st\u00f6bern und mit wenigen Klicks genau das finden, was Sie suchen.<\/p>\n\n<h4 class=\"wp-block-heading\">Versand<\/h4>\n\n<ul class=\"wp-block-list\">\n<li><strong>Versandkosten:<\/strong> F\u00fcr alle unsere Kunden in der Schweiz bieten wir eine <strong>feste Versandkostenpauschale von 9 CHF<\/strong> an, unabh\u00e4ngig von Gr\u00f6\u00dfe und Gewicht Ihrer Bestellung.<\/li>\n\n\n\n<li><strong>Kostenloser Versand:<\/strong> Wir lieben es, unsere Kunden zu belohnen! Aus diesem Grund bieten wir einen kostenlosen Versand f\u00fcr <strong>alle Bestellungen \u00fcber 100 CHF<\/strong>. Damit m\u00f6chten wir uns bei Ihnen f\u00fcr Ihre Treue bedanken und Ihr Einkaufserlebnis noch angenehmer gestalten.<\/li>\n\n\n\n<li><strong>Lieferzeit:<\/strong> Wir bem\u00fchen uns, Ihre Bestellung so schnell wie m\u00f6glich zu bearbeiten. Die meisten Bestellungen werden innerhalb von 1-2 Werktagen nach Auftragsbest\u00e4tigung versandt, so dass Sie Ihre Eink\u00e4ufe schnell genie\u00dfen k\u00f6nnen.<\/li>\n<\/ul>\n\n<h4 class=\"wp-block-heading\">R\u00fcckgabepolitik<\/h4>\n\n<ul class=\"wp-block-list\">\n<li><strong>Zufriedenheitsgarantie:<\/strong> Ihre Zufriedenheit ist unsere Priorit\u00e4t. Wenn Sie aus irgendeinem Grund mit Ihrem Kauf nicht zufrieden sind, k\u00f6nnen Sie die Produkte <strong>innerhalb von 7 Tagen<\/strong> nach Erhalt zur\u00fcckgeben.<\/li>\n\n\n\n<li><strong>R\u00fcckgabebedingungen:<\/strong> Um f\u00fcr eine R\u00fcckgabe in Frage zu kommen, m\u00fcssen die Artikel in einem unver\u00e4nderten, unbenutzten Zustand und in der Originalverpackung zur\u00fcckgegeben werden. Bitte setzen Sie sich mit uns in Verbindung, bevor Sie eine R\u00fccksendung vornehmen, damit wir Ihnen alle notwendigen Informationen und Unterst\u00fctzung geben k\u00f6nnen.<\/li>\n\n\n\n<li>R\u00fcckerstattung<strong>:<\/strong> Sobald wir die R\u00fccksendung erhalten und \u00fcberpr\u00fcft haben, dass die R\u00fcckgabebedingungen erf\u00fcllt sind, werden wir die R\u00fcckerstattung \u00fcber die urspr\u00fcngliche Zahlungsmethode vornehmen. Wir bem\u00fchen uns, diesen Prozess so schnell und einfach wie m\u00f6glich zu gestalten.<\/li>\n<\/ul>\n\n<h4 class=\"wp-block-heading\">Warum uns w\u00e4hlen?<\/h4>\n\n<ul class=\"wp-block-list\">\n<li><strong>Garantierte Qualit\u00e4t:<\/strong> Wir verkaufen nur die besten Produkte und garantieren Qualit\u00e4t und Haltbarkeit.<\/li>\n\n\n\n<li><strong>Kundenbetreuung:<\/strong> Unser Team steht Ihnen jederzeit zur Verf\u00fcgung, um Sie bei der Navigation auf der Website, beim Kauf und nach dem Kauf zu unterst\u00fctzen.<\/li>\n\n\n\n<li><strong>Sicheres Einkaufen:<\/strong> Die Sicherheit Ihrer Daten steht f\u00fcr uns an erster Stelle. Wir verwenden die neueste Technologie, um sichere Transaktionen zu gew\u00e4hrleisten.<\/li>\n<\/ul>\n\n<h4 class=\"wp-block-heading\">Beginnen Sie jetzt mit Ihrem Einkauf!<\/h4>\n\n<p><strong>Erkunden Sie unsere Kollektionen und entdecken Sie die letzten Neuheiten. Mit einer Versandkostenpauschale von nur 9 CHF, kostenlosem Versand bei Bestellungen \u00fcber 100 CHF und der M\u00f6glichkeit der R\u00fccksendung innerhalb von 7 Tagen, ist der Einkauf bei uns einfach, sicher und bequem. Wir freuen uns darauf, Sie in unserer Gemeinschaft zufriedener Kunden begr\u00fc\u00dfen zu d\u00fcrfen!<\/strong><\/p>\n","protected":false},"excerpt":{"rendered":"<p>Entdecken Sie unsere gro\u00dfe Auswahl an hochwertigen Produkten, die alle Ihre Bed\u00fcrfnisse erf\u00fcllen. Sie k\u00f6nnen bequem von zu Hause aus in der Schweiz durch unsere Kategorien st\u00f6bern und mit wenigen Klicks genau das finden, was Sie suchen. Versand R\u00fcckgabepolitik Warum uns w\u00e4hlen? Beginnen Sie jetzt mit Ihrem Einkauf! Erkunden Sie unsere Kollektionen und entdecken Sie [&hellip;]<\/p>\n","protected":false},"author":11,"featured_media":0,"parent":0,"menu_order":0,"comment_status":"closed","ping_status":"closed","template":"","meta":{"_seopress_robots_primary_cat":"","_seopress_titles_title":"","_seopress_titles_desc":"","_seopress_robots_index":"","_seopress_analysis_target_kw":"","footnotes":""},"class_list":["post-1054","page","type-page","status-publish","hentry"],"jetpack_sharing_enabled":true,"_links":{"self":[{"href":"https:\/\/minacore.ch\/de\/wp-json\/wp\/v2\/pages\/1054","targetHints":{"allow":["GET"]}}],"collection":[{"href":"https:\/\/minacore.ch\/de\/wp-json\/wp\/v2\/pages"}],"about":[{"href":"https:\/\/minacore.ch\/de\/wp-json\/wp\/v2\/types\/page"}],"author":[{"embeddable":true,"href":"https:\/\/minacore.ch\/de\/wp-json\/wp\/v2\/users\/11"}],"replies":[{"embeddable":true,"href":"https:\/\/minacore.ch\/de\/wp-json\/wp\/v2\/comments?post=1054"}],"version-history":[{"count":0,"href":"https:\/\/minacore.ch\/de\/wp-json\/wp\/v2\/pages\/1054\/revisions"}],"wp:attachment":[{"href":"https:\/\/minacore.ch\/de\/wp-json\/wp\/v2\/media?parent=1054"}],"curies":[{"name":"wp","href":"https:\/\/api.w.org\/{rel}","templated":true}]}}